{"id":5345,"date":"2015-10-30T08:39:25","date_gmt":"2015-10-30T07:39:25","guid":{"rendered":"https:\/\/new.capfinance.ch\/dev\/en\/?page_id=5345"},"modified":"2021-12-28T11:49:20","modified_gmt":"2021-12-28T10:49:20","slug":"anouck-ansermoz","status":"publish","type":"page","link":"https:\/\/capfinance.ch\/en\/background\/anouck-ansermoz\/","title":{"rendered":"Anouck Ansermoz"},"content":{"rendered":"<h4><img loading=\"lazy\" decoding=\"async\" class=\"profil alignnone wp-image-5984 size-medium\" src=\"https:\/\/new.capfinance.ch\/wp-content\/uploads\/2020\/08\/Anouck-Ansermoz-240x300.jpg\" alt=\"\" width=\"240\" height=\"300\" srcset=\"https:\/\/capfinance.ch\/wp-content\/uploads\/2020\/08\/Anouck-Ansermoz-240x300.jpg 240w, https:\/\/capfinance.ch\/wp-content\/uploads\/2020\/08\/Anouck-Ansermoz-768x960.jpg 768w, https:\/\/capfinance.ch\/wp-content\/uploads\/2020\/08\/Anouck-Ansermoz-440x550.jpg 440w, https:\/\/capfinance.ch\/wp-content\/uploads\/2020\/08\/Anouck-Ansermoz.jpg 800w\" sizes=\"auto, (max-width: 240px) 100vw, 240px\" \/>Experience<\/h4>\n<ul>\n<li>CFO Perfect Holding Group (ex-4M), listed company<\/li>\n<li>Member of the Board of Directors of Perfect Holding<\/li>\n<li>Consolidation Manager Tetra Laval Finance and Sicpa<\/li>\n<li>Senior Auditor PricewaterhouseCoopers<\/li>\n<li>Project management: SAP implementation, internal control system, legal restructuring<\/li>\n<\/ul>\n<h4>Business segments<\/h4>\n<ul>\n<li>Industries: equipments, ink, printing, packaging<\/li>\n<li>Services: aviation, tourism (hotel, balneology)<\/li>\n<li>Distribution: retail<\/li>\n<\/ul>\n<h4>Skills<\/h4>\n<ul>\n<li>Finance management<\/li>\n<li>Financial consolidation and management reporting<\/li>\n<li>Corporate governance and compliance (listing regulations, ORAb), option plans<\/li>\n<li>Business valuations, expertise, due diligence<\/li>\n<li>Legal restructuring<\/li>\n<li>Cost accounting and cost pricing<\/li>\n<\/ul>\n<h4>Education<\/h4>\n<ul>\n<li>Chartered accountant diploma (2001), expert-r\u00e9viseur agr\u00e9\u00e9<\/li>\n<li>Member of EXPERTsuisse<a href=\"http:\/\/www.expertsuisse.ch\/fr-ch\/\" target=\"_blank\" rel=\"noopener\"><img decoding=\"async\" class=\"size-full wp-image-5693\" style=\"float: none; margin-left: 12px; width: 100px;\" src=\"https:\/\/new.capfinance.ch\/wp-content\/uploads\/2015\/10\/logo_Expert-Suisse.png\" alt=\"logo_Expert-Suisse\" width=\"120\" \/><\/a><\/li>\n<li>Certificate Training ImmoCapital (real estate investment funds), USPI Lausanne<\/li>\n<li>Master in economics and management (1994), HEC Lausanne<\/li>\n<li>Diploma in Business Studies (1991), London<\/li>\n<li>Languages: French, English<\/li>\n<\/ul>\n","protected":false},"excerpt":{"rendered":"<p>Experience CFO Perfect Holding Group (ex-4M), listed company Member of the Board of Directors of Perfect Holding Consolidation Manager Tetra Laval Finance and Sicpa Senior Auditor PricewaterhouseCoopers Project management: SAP implementation, internal control system, legal restructuring Business segments Industries: equipments, ink, printing, packaging Services: aviation, tourism (hotel, balneology) Distribution: retail Skills Finance management Financial consolidation&#8230; <\/p>\n<div class=\"clear\"><\/div>\n<p><a href=\"https:\/\/capfinance.ch\/en\/background\/anouck-ansermoz\/\" class=\"excerpt-read-more\">Read More \u2192<\/a><\/p>\n","protected":false},"author":1,"featured_media":0,"parent":5335,"menu_order":0,"comment_status":"closed","ping_status":"closed","template":"","meta":{"footnotes":""},"class_list":["post-5345","page","type-page","status-publish","hentry"],"_links":{"self":[{"href":"https:\/\/capfinance.ch\/en\/wp-json\/wp\/v2\/pages\/5345","targetHints":{"allow":["GET"]}}],"collection":[{"href":"https:\/\/capfinance.ch\/en\/wp-json\/wp\/v2\/pages"}],"about":[{"href":"https:\/\/capfinance.ch\/en\/wp-json\/wp\/v2\/types\/page"}],"author":[{"embeddable":true,"href":"https:\/\/capfinance.ch\/en\/wp-json\/wp\/v2\/users\/1"}],"replies":[{"embeddable":true,"href":"https:\/\/capfinance.ch\/en\/wp-json\/wp\/v2\/comments?post=5345"}],"version-history":[{"count":11,"href":"https:\/\/capfinance.ch\/en\/wp-json\/wp\/v2\/pages\/5345\/revisions"}],"predecessor-version":[{"id":6231,"href":"https:\/\/capfinance.ch\/en\/wp-json\/wp\/v2\/pages\/5345\/revisions\/6231"}],"up":[{"embeddable":true,"href":"https:\/\/capfinance.ch\/en\/wp-json\/wp\/v2\/pages\/5335"}],"wp:attachment":[{"href":"https:\/\/capfinance.ch\/en\/wp-json\/wp\/v2\/media?parent=5345"}],"curies":[{"name":"wp","href":"https:\/\/api.w.org\/{rel}","templated":true}]}}