{"id":6291,"date":"2023-01-25T10:25:36","date_gmt":"2023-01-25T09:25:36","guid":{"rendered":"https:\/\/new.capfinance.ch\/background\/helene-conduto\/"},"modified":"2023-01-25T10:25:36","modified_gmt":"2023-01-25T09:25:36","slug":"helene-conduto","status":"publish","type":"page","link":"https:\/\/capfinance.ch\/en\/background\/helene-conduto\/","title":{"rendered":"H\u00e9l\u00e8ne Conduto"},"content":{"rendered":"<h1>H\u00e9l\u00e8ne Conduto<\/h1>\n<h4><img loading=\"lazy\" decoding=\"async\" class=\"profil wp-image-5977 size-medium alignnone\" src=\"https:\/\/new.capfinance.ch\/wp-content\/uploads\/2023\/01\/Conduto-Hele\u0300ne-0521-tif-copie-scaled.jpg\" alt=\"\" width=\"240\" height=\"300\" \/>Manager<\/h4>\n","protected":false},"excerpt":{"rendered":"<p>H\u00e9l\u00e8ne Conduto Manager<\/p>\n","protected":false},"author":4,"featured_media":0,"parent":5335,"menu_order":0,"comment_status":"closed","ping_status":"closed","template":"","meta":{"footnotes":""},"class_list":["post-6291","page","type-page","status-publish","hentry"],"_links":{"self":[{"href":"https:\/\/capfinance.ch\/en\/wp-json\/wp\/v2\/pages\/6291","targetHints":{"allow":["GET"]}}],"collection":[{"href":"https:\/\/capfinance.ch\/en\/wp-json\/wp\/v2\/pages"}],"about":[{"href":"https:\/\/capfinance.ch\/en\/wp-json\/wp\/v2\/types\/page"}],"author":[{"embeddable":true,"href":"https:\/\/capfinance.ch\/en\/wp-json\/wp\/v2\/users\/4"}],"replies":[{"embeddable":true,"href":"https:\/\/capfinance.ch\/en\/wp-json\/wp\/v2\/comments?post=6291"}],"version-history":[{"count":0,"href":"https:\/\/capfinance.ch\/en\/wp-json\/wp\/v2\/pages\/6291\/revisions"}],"up":[{"embeddable":true,"href":"https:\/\/capfinance.ch\/en\/wp-json\/wp\/v2\/pages\/5335"}],"wp:attachment":[{"href":"https:\/\/capfinance.ch\/en\/wp-json\/wp\/v2\/media?parent=6291"}],"curies":[{"name":"wp","href":"https:\/\/api.w.org\/{rel}","templated":true}]}}